{"id":2885,"date":"2024-09-09T16:15:13","date_gmt":"2024-09-09T16:15:13","guid":{"rendered":"https:\/\/cosion.themeori.com\/?page_id=2885"},"modified":"2025-07-18T21:28:27","modified_gmt":"2025-07-18T21:28:27","slug":"informate","status":"publish","type":"page","link":"https:\/\/sintrabancol.org\/2024\/informate\/","title":{"rendered":"Inf\u00f3rmate con Sintrabancol"},"content":{"rendered":"\t\t<div data-elementor-type=\"wp-page\" data-elementor-id=\"2885\" class=\"elementor elementor-2885\">\n\t\t\t\t\t\t<section class=\"elementor-section elementor-top-section elementor-element elementor-element-53635b8 elementor-section-boxed elementor-section-height-default elementor-section-height-default\" data-id=\"53635b8\" data-element_type=\"section\" data-e-type=\"section\">\n\t\t\t\t\t\t<div class=\"elementor-container elementor-column-gap-default\">\n\t\t\t\t\t<div class=\"elementor-column elementor-col-100 elementor-top-column elementor-element elementor-element-81a7db5\" data-id=\"81a7db5\" data-element_type=\"column\" data-e-type=\"column\">\n\t\t\t<div class=\"elementor-widget-wrap elementor-element-populated\">\n\t\t\t\t\t\t<div class=\"elementor-element elementor-element-faa023c elementor-widget elementor-widget-flexitype-blog\" data-id=\"faa023c\" data-element_type=\"widget\" data-e-type=\"widget\" data-widget_type=\"flexitype-blog.default\">\n\t\t\t\t<div class=\"elementor-widget-container\">\n\t\t\t\t\t                <div class=\"blog_one\">\r\n            <div class=\"blog_one-area show_three md_show_two sm_show_one\">\r\n                                            <div class=\"blog_one-item swiper-slide\">\r\n                                    <div class=\"blog_one-item-img\">\r\n                        <div class=\"blog_one-item-image\">\r\n                            <a href=\"https:\/\/sintrabancol.org\/2024\/2025\/07\/23\/descargas\/\">\r\n                                <img decoding=\"async\" src=\"\" alt=\"\">\r\n                            <\/a>\r\n                                                            <div class=\"blog_one-item-image-date top left inline\">\r\n                                                                        <h6>23<\/h6>\r\n                                    <span>Jul<\/span>\r\n                                <\/div>\r\n                                                    <\/div>\r\n                    <\/div>\r\n                                    <div class=\"blog_one-item-content\">\r\n                        <div>\r\n                                                    <div class=\"blog_one-item-content-meta\">\r\n                                <ul>\r\n                                                                            <li><a href=\"https:\/\/sintrabancol.org\/2024\/author\/admin\/\">\r\n                                            <i class=\"far fa-user\"><\/i>\r\n                                            admin                                        <\/a><\/li>\r\n                                                                                                                <li><a href=\"https:\/\/sintrabancol.org\/2024\/2025\/07\/23\/descargas\/\"><i class=\"far fa-comment-dots\"><\/i>\r\n                                            Comment (0)                                        <\/a><\/li>\r\n                                                                    <\/ul>\r\n                            <\/div>\r\n                                                <h6><a href=\"https:\/\/sintrabancol.org\/2024\/2025\/07\/23\/descargas\/\">Descargas<\/a><\/h6>\r\n                                                    <a class=\"flexitype-button right\" href=\"https:\/\/sintrabancol.org\/2024\/2025\/07\/23\/descargas\/\">\r\n                                Read More                                <i class=\"fas fa-plus\"><\/i>                            <\/a>\r\n                                                <\/div>\r\n                    <\/div>\r\n                <\/div>\r\n                            <div class=\"blog_one-item swiper-slide\">\r\n                                    <div class=\"blog_one-item-img\">\r\n                        <div class=\"blog_one-item-image\">\r\n                            <a href=\"https:\/\/sintrabancol.org\/2024\/2025\/07\/15\/informate-con-sintrabancol\/\">\r\n                                <img decoding=\"async\" src=\"https:\/\/sintrabancol.org\/2024\/wp-content\/uploads\/2025\/07\/2-3-1024x683.png\" alt=\"\">\r\n                            <\/a>\r\n                                                            <div class=\"blog_one-item-image-date top left inline\">\r\n                                                                        <h6>15<\/h6>\r\n                                    <span>Jul<\/span>\r\n                                <\/div>\r\n                                                    <\/div>\r\n                    <\/div>\r\n                                    <div class=\"blog_one-item-content\">\r\n                        <div>\r\n                                                    <div class=\"blog_one-item-content-meta\">\r\n                                <ul>\r\n                                                                            <li><a href=\"https:\/\/sintrabancol.org\/2024\/author\/admin\/\">\r\n                                            <i class=\"far fa-user\"><\/i>\r\n                                            admin                                        <\/a><\/li>\r\n                                                                                                                <li><a href=\"https:\/\/sintrabancol.org\/2024\/2025\/07\/15\/informate-con-sintrabancol\/\"><i class=\"far fa-comment-dots\"><\/i>\r\n                                            Comment (0)                                        <\/a><\/li>\r\n                                                                    <\/ul>\r\n                            <\/div>\r\n                                                <h6><a href=\"https:\/\/sintrabancol.org\/2024\/2025\/07\/15\/informate-con-sintrabancol\/\">Inf\u00f3rmate con Sintrabancol<\/a><\/h6>\r\n                                                    <a class=\"flexitype-button right\" href=\"https:\/\/sintrabancol.org\/2024\/2025\/07\/15\/informate-con-sintrabancol\/\">\r\n                                Read More                                <i class=\"fas fa-plus\"><\/i>                            <\/a>\r\n                                                <\/div>\r\n                    <\/div>\r\n                <\/div>\r\n                            <div class=\"blog_one-item swiper-slide\">\r\n                                    <div class=\"blog_one-item-img\">\r\n                        <div class=\"blog_one-item-image\">\r\n                            <a href=\"https:\/\/sintrabancol.org\/2024\/2025\/07\/15\/mas-afiliados-mas-derechos-crece-la-fuerza-de-sintrabancol-en-todo-el-pais\/\">\r\n                                <img decoding=\"async\" src=\"https:\/\/sintrabancol.org\/2024\/wp-content\/uploads\/2025\/07\/1-4-1024x683.png\" alt=\"\">\r\n                            <\/a>\r\n                                                            <div class=\"blog_one-item-image-date top left inline\">\r\n                                                                        <h6>15<\/h6>\r\n                                    <span>Jul<\/span>\r\n                                <\/div>\r\n                                                    <\/div>\r\n                    <\/div>\r\n                                    <div class=\"blog_one-item-content\">\r\n                        <div>\r\n                                                    <div class=\"blog_one-item-content-meta\">\r\n                                <ul>\r\n                                                                            <li><a href=\"https:\/\/sintrabancol.org\/2024\/author\/admin\/\">\r\n                                            <i class=\"far fa-user\"><\/i>\r\n                                            admin                                        <\/a><\/li>\r\n                                                                                                                <li><a href=\"https:\/\/sintrabancol.org\/2024\/2025\/07\/15\/mas-afiliados-mas-derechos-crece-la-fuerza-de-sintrabancol-en-todo-el-pais\/\"><i class=\"far fa-comment-dots\"><\/i>\r\n                                            Comment (0)                                        <\/a><\/li>\r\n                                                                    <\/ul>\r\n                            <\/div>\r\n                                                <h6><a href=\"https:\/\/sintrabancol.org\/2024\/2025\/07\/15\/mas-afiliados-mas-derechos-crece-la-fuerza-de-sintrabancol-en-todo-el-pais\/\">M\u00e1s afiliados, m\u00e1s derechos: crece la fuerza de Sintrabancol en todo el pa\u00eds<\/a><\/h6>\r\n                                                    <a class=\"flexitype-button right\" href=\"https:\/\/sintrabancol.org\/2024\/2025\/07\/15\/mas-afiliados-mas-derechos-crece-la-fuerza-de-sintrabancol-en-todo-el-pais\/\">\r\n                                Read More                                <i class=\"fas fa-plus\"><\/i>                            <\/a>\r\n                                                <\/div>\r\n                    <\/div>\r\n                <\/div>\r\n                            <div class=\"blog_one-item swiper-slide\">\r\n                                    <div class=\"blog_one-item-img\">\r\n                        <div class=\"blog_one-item-image\">\r\n                            <a href=\"https:\/\/sintrabancol.org\/2024\/2025\/03\/22\/informate-con-sintrabancol-2\/\">\r\n                                <img decoding=\"async\" src=\"https:\/\/sintrabancol.org\/2024\/wp-content\/uploads\/2025\/07\/pexels-freestockpro-12955837-1024x683.jpg\" alt=\"\">\r\n                            <\/a>\r\n                                                            <div class=\"blog_one-item-image-date top left inline\">\r\n                                                                        <h6>22<\/h6>\r\n                                    <span>Mar<\/span>\r\n                                <\/div>\r\n                                                    <\/div>\r\n                    <\/div>\r\n                                    <div class=\"blog_one-item-content\">\r\n                        <div>\r\n                                                    <div class=\"blog_one-item-content-meta\">\r\n                                <ul>\r\n                                                                            <li><a href=\"https:\/\/sintrabancol.org\/2024\/author\/admin\/\">\r\n                                            <i class=\"far fa-user\"><\/i>\r\n                                            admin                                        <\/a><\/li>\r\n                                                                                                                <li><a href=\"https:\/\/sintrabancol.org\/2024\/2025\/03\/22\/informate-con-sintrabancol-2\/\"><i class=\"far fa-comment-dots\"><\/i>\r\n                                            Comment (0)                                        <\/a><\/li>\r\n                                                                    <\/ul>\r\n                            <\/div>\r\n                                                <h6><a href=\"https:\/\/sintrabancol.org\/2024\/2025\/03\/22\/informate-con-sintrabancol-2\/\">Inf\u00f3rmate con Sintrabancol<\/a><\/h6>\r\n                                                    <a class=\"flexitype-button right\" href=\"https:\/\/sintrabancol.org\/2024\/2025\/03\/22\/informate-con-sintrabancol-2\/\">\r\n                                Read More                                <i class=\"fas fa-plus\"><\/i>                            <\/a>\r\n                                                <\/div>\r\n                    <\/div>\r\n                <\/div>\r\n                            <div class=\"blog_one-item swiper-slide\">\r\n                                    <div class=\"blog_one-item-img\">\r\n                        <div class=\"blog_one-item-image\">\r\n                            <a href=\"https:\/\/sintrabancol.org\/2024\/2024\/11\/13\/hello-world\/\">\r\n                                <img decoding=\"async\" src=\"\" alt=\"\">\r\n                            <\/a>\r\n                                                            <div class=\"blog_one-item-image-date top left inline\">\r\n                                                                        <h6>13<\/h6>\r\n                                    <span>Nov<\/span>\r\n                                <\/div>\r\n                                                    <\/div>\r\n                    <\/div>\r\n                                    <div class=\"blog_one-item-content\">\r\n                        <div>\r\n                                                    <div class=\"blog_one-item-content-meta\">\r\n                                <ul>\r\n                                                                            <li><a href=\"https:\/\/sintrabancol.org\/2024\/author\/admin\/\">\r\n                                            <i class=\"far fa-user\"><\/i>\r\n                                            admin                                        <\/a><\/li>\r\n                                                                                                                <li><a href=\"https:\/\/sintrabancol.org\/2024\/2024\/11\/13\/hello-world\/\"><i class=\"far fa-comment-dots\"><\/i>\r\n                                            Comment (1)                                        <\/a><\/li>\r\n                                                                    <\/ul>\r\n                            <\/div>\r\n                                                <h6><a href=\"https:\/\/sintrabancol.org\/2024\/2024\/11\/13\/hello-world\/\">Hello world!<\/a><\/h6>\r\n                                                    <a class=\"flexitype-button right\" href=\"https:\/\/sintrabancol.org\/2024\/2024\/11\/13\/hello-world\/\">\r\n                                Read More                                <i class=\"fas fa-plus\"><\/i>                            <\/a>\r\n                                                <\/div>\r\n                    <\/div>\r\n                <\/div>\r\n                            <div class=\"blog_one-item swiper-slide\">\r\n                                    <div class=\"blog_one-item-img\">\r\n                        <div class=\"blog_one-item-image\">\r\n                            <a href=\"https:\/\/sintrabancol.org\/2024\/2024\/09\/10\/the-role-of-data-in-modern-marketing-campaign\/\">\r\n                                <img decoding=\"async\" src=\"https:\/\/sintrabancol.org\/2024\/wp-content\/uploads\/2024\/09\/blog-5-2.jpg\" alt=\"\">\r\n                            <\/a>\r\n                                                            <div class=\"blog_one-item-image-date top left inline\">\r\n                                                                        <h6>10<\/h6>\r\n                                    <span>Sep<\/span>\r\n                                <\/div>\r\n                                                    <\/div>\r\n                    <\/div>\r\n                                    <div class=\"blog_one-item-content\">\r\n                        <div>\r\n                                                    <div class=\"blog_one-item-content-meta\">\r\n                                <ul>\r\n                                                                            <li><a href=\"https:\/\/sintrabancol.org\/2024\/author\/admin\/\">\r\n                                            <i class=\"far fa-user\"><\/i>\r\n                                            admin                                        <\/a><\/li>\r\n                                                                                                                <li><a href=\"https:\/\/sintrabancol.org\/2024\/2024\/09\/10\/the-role-of-data-in-modern-marketing-campaign\/\"><i class=\"far fa-comment-dots\"><\/i>\r\n                                            Comment (0)                                        <\/a><\/li>\r\n                                                                    <\/ul>\r\n                            <\/div>\r\n                                                <h6><a href=\"https:\/\/sintrabancol.org\/2024\/2024\/09\/10\/the-role-of-data-in-modern-marketing-campaign\/\">The Role of Data in Modern Marketing Campaign<\/a><\/h6>\r\n                                                    <a class=\"flexitype-button right\" href=\"https:\/\/sintrabancol.org\/2024\/2024\/09\/10\/the-role-of-data-in-modern-marketing-campaign\/\">\r\n                                Read More                                <i class=\"fas fa-plus\"><\/i>                            <\/a>\r\n                                                <\/div>\r\n                    <\/div>\r\n                <\/div>\r\n                        <\/div>\r\n        <\/div>\r\n                        <script>\r\n            (function ($) {\r\n                \"use strict\";\r\n                $(document).ready(function () {\r\n                    var autoplayOption = \"yes\";\r\n                    var enableAutoplay = (autoplayOption === 'yes');\r\n                    var swiper = new Swiper(\".flexitype_slide253\", {\r\n                        loop: true,\r\n                        spaceBetween: null,\r\n                        speed: null,\r\n                        autoplay: enableAutoplay ? {\r\n                            delay: null,\r\n                            reverseDirection: false,\r\n                            disableOnInteraction: false,\r\n                        } : false,\r\n                        navigation: {\r\n                            prevEl: '.swiper-button-prev-',\r\n                            nextEl: '.swiper-button-next-',\r\n                        },\r\n                        pagination: {\r\n                            el: \".flexitype_slide_dots-\",\r\n                            clickable: true,\r\n                        },\r\n                        breakpoints: {\r\n                            0: {\r\n                                slidesPerView: null,\r\n                            },\r\n                            768: {\r\n                                slidesPerView: null,\r\n                            },\r\n                            1025: {\r\n                                slidesPerView: null,\r\n                            },\r\n                            1600: {\r\n                                slidesPerView: null,\r\n                            },\r\n                        },\r\n                    });\r\n\r\n                });\r\n            })(jQuery);\r\n        <\/script>\r\n        \t\t\t\t<\/div>\n\t\t\t\t<\/div>\n\t\t\t\t\t<\/div>\n\t\t<\/div>\n\t\t\t\t\t<\/div>\n\t\t<\/section>\n\t\t\t\t<\/div>\n\t\t","protected":false},"excerpt":{"rendered":"<p>10 Sep nextwpcook Comment (0) The Role of Data in Modern Marketing Campaign Read More 10 Sep nextwpcook Comment (0) 5 Proven Strategies to Boost Brand Awareness Read More 10 Sep nextwpcook Comment (0) The Power of Storytelling in Digital Marketing Read More 23 May nextwpcook Comment (0) Despite the benefits of variety &amp; opportunities [&hellip;]<\/p>\n","protected":false},"author":1,"featured_media":0,"parent":0,"menu_order":0,"comment_status":"closed","ping_status":"closed","template":"page-builder.php","meta":{"pagelayer_contact_templates":[],"_pagelayer_content":"","footnotes":""},"class_list":["post-2885","page","type-page","status-publish","hentry"],"_links":{"self":[{"href":"https:\/\/sintrabancol.org\/2024\/wp-json\/wp\/v2\/pages\/2885","targetHints":{"allow":["GET"]}}],"collection":[{"href":"https:\/\/sintrabancol.org\/2024\/wp-json\/wp\/v2\/pages"}],"about":[{"href":"https:\/\/sintrabancol.org\/2024\/wp-json\/wp\/v2\/types\/page"}],"author":[{"embeddable":true,"href":"https:\/\/sintrabancol.org\/2024\/wp-json\/wp\/v2\/users\/1"}],"replies":[{"embeddable":true,"href":"https:\/\/sintrabancol.org\/2024\/wp-json\/wp\/v2\/comments?post=2885"}],"version-history":[{"count":2,"href":"https:\/\/sintrabancol.org\/2024\/wp-json\/wp\/v2\/pages\/2885\/revisions"}],"predecessor-version":[{"id":6504,"href":"https:\/\/sintrabancol.org\/2024\/wp-json\/wp\/v2\/pages\/2885\/revisions\/6504"}],"wp:attachment":[{"href":"https:\/\/sintrabancol.org\/2024\/wp-json\/wp\/v2\/media?parent=2885"}],"curies":[{"name":"wp","href":"https:\/\/api.w.org\/{rel}","templated":true}]}}