{"id":2858,"date":"2024-09-09T13:06:44","date_gmt":"2024-09-09T13:06:44","guid":{"rendered":"https:\/\/cosion.themeori.com\/?page_id=2858"},"modified":"2025-08-04T15:56:08","modified_gmt":"2025-08-04T15:56:08","slug":"testimonios","status":"publish","type":"page","link":"https:\/\/sintrabancol.org\/2024\/testimonios\/","title":{"rendered":"Testimonios"},"content":{"rendered":"\t\t<div data-elementor-type=\"wp-page\" data-elementor-id=\"2858\" class=\"elementor elementor-2858\">\n\t\t\t\t\t\t<section class=\"elementor-section elementor-top-section elementor-element elementor-element-2d28c5b elementor-section-boxed elementor-section-height-default elementor-section-height-default\" data-id=\"2d28c5b\" data-element_type=\"section\" data-e-type=\"section\">\n\t\t\t\t\t\t<div class=\"elementor-container elementor-column-gap-default\">\n\t\t\t\t\t<div class=\"elementor-column elementor-col-100 elementor-top-column elementor-element elementor-element-1a9d004\" data-id=\"1a9d004\" data-element_type=\"column\" data-e-type=\"column\">\n\t\t\t<div class=\"elementor-widget-wrap elementor-element-populated\">\n\t\t\t\t\t\t<div class=\"elementor-element elementor-element-8439f9d elementor-widget elementor-widget-flexitype-testimonials\" data-id=\"8439f9d\" data-element_type=\"widget\" data-e-type=\"widget\" data-widget_type=\"flexitype-testimonials.default\">\n\t\t\t\t<div class=\"elementor-widget-container\">\n\t\t\t\t\t            <div class=\"flexitype_testimonial show_three md_show_two sm_show_one\">\r\n            \t\t\t\t<div class=\"flexitype_testimonial_two-item\">\r\n                    <div class=\"flexitype_testimonial_two-item-content\">\r\n                        \t\t\t\t\t\t\t<div class=\"rating\">\r\n\t\t\t\t\t\t\t    <i class=\"flaticon flaticon-stars\"><\/i>\r\n\t\t\t\t\t\t    <\/div>\r\n                                                <p>\u201cHe visto crecer al sindicato y puedo decir con orgullo que nunca nos ha fallado. Sintrabancol ha defendido cada derecho conquistado, y gracias a eso hoy tengo estabilidad laboral, beneficios en salud y educaci\u00f3n para mis hijos. Afiliarse a Sintrabancol es una decisi\u00f3n inteligente.\u201d<\/p>\r\n\t\t\t\t\t\t<div class=\"flexitype_testimonial_two-item-content-bottom\">\r\n\t\t\t\t\t\t\t<div class=\"flexitype_testimonial_two-item-content-bottom-author\">\r\n                                                                    <img decoding=\"async\" src=\"https:\/\/sintrabancol.org\/2024\/wp-content\/uploads\/2025\/07\/hombre.png\" alt=\"avatar\">\r\n                                \t\t\t\t\t\t\t\t<div class=\"flexitype_testimonial_two-item-content-bottom-author-info\">\r\n                                    <h6>\u2014 \u00d3scar P\u00e9rez<\/h6>\r\n                                    <span>Bogot\u00e1<\/span>\r\n\t\t\t\t\t\t\t\t<\/div>\r\n\t\t\t\t\t\t\t<\/div>\r\n                                                            <i class=\"fas fa-quote-right\"><\/i>\r\n                            \t\t\t\t\t\t<\/div>\r\n\t\t\t\t\t<\/div>\t\t\t\t\t\t\t\r\n\t\t\t\t<\/div>\r\n            \t\t\t\t<div class=\"flexitype_testimonial_two-item\">\r\n                    <div class=\"flexitype_testimonial_two-item-content\">\r\n                        \t\t\t\t\t\t\t<div class=\"rating\">\r\n\t\t\t\t\t\t\t    <i class=\"flaticon flaticon-stars\"><\/i>\r\n\t\t\t\t\t\t    <\/div>\r\n                                                <p>\u201cApenas entr\u00e9 al banco, me hablaron de Sintrabancol y no lo dud\u00e9. Me explicaron mis derechos, los beneficios de la convenci\u00f3n y me ayudaron con el proceso de auxilio educativo. Es un respaldo real para quienes apenas estamos empezando nuestra vida laboral.\u201d<\/p>\r\n\t\t\t\t\t\t<div class=\"flexitype_testimonial_two-item-content-bottom\">\r\n\t\t\t\t\t\t\t<div class=\"flexitype_testimonial_two-item-content-bottom-author\">\r\n                                                                    <img decoding=\"async\" src=\"https:\/\/sintrabancol.org\/2024\/wp-content\/uploads\/2025\/07\/nina.png\" alt=\"avatar\">\r\n                                \t\t\t\t\t\t\t\t<div class=\"flexitype_testimonial_two-item-content-bottom-author-info\">\r\n                                    <h6>\u2014 Laura Herrera<\/h6>\r\n                                    <span>Oficina Cali<\/span>\r\n\t\t\t\t\t\t\t\t<\/div>\r\n\t\t\t\t\t\t\t<\/div>\r\n                                                            <i class=\"fas fa-quote-right\"><\/i>\r\n                            \t\t\t\t\t\t<\/div>\r\n\t\t\t\t\t<\/div>\t\t\t\t\t\t\t\r\n\t\t\t\t<\/div>\r\n            \t\t\t\t<div class=\"flexitype_testimonial_two-item\">\r\n                    <div class=\"flexitype_testimonial_two-item-content\">\r\n                        \t\t\t\t\t\t\t<div class=\"rating\">\r\n\t\t\t\t\t\t\t    <i class=\"flaticon flaticon-stars\"><\/i>\r\n\t\t\t\t\t\t    <\/div>\r\n                                                <p>\u201cGracias a Sintrabancol, hoy tengo casa propia. Cuando empec\u00e9 en el banco no sab\u00eda nada sobre mis derechos, pero el sindicato me orient\u00f3 con el cr\u00e9dito de vivienda y me ayud\u00f3 a entender la convenci\u00f3n. Ser parte del sindicato me dio seguridad para sacar adelante a mi hijo y defender lo que me corresponde.\u201d<\/p>\r\n\t\t\t\t\t\t<div class=\"flexitype_testimonial_two-item-content-bottom\">\r\n\t\t\t\t\t\t\t<div class=\"flexitype_testimonial_two-item-content-bottom-author\">\r\n                                                                    <img decoding=\"async\" src=\"https:\/\/sintrabancol.org\/2024\/wp-content\/uploads\/2025\/07\/mujer.png\" alt=\"avatar\">\r\n                                \t\t\t\t\t\t\t\t<div class=\"flexitype_testimonial_two-item-content-bottom-author-info\">\r\n                                    <h6>\u2014 Marcela Rodr\u00edguez<\/h6>\r\n                                    <span>Oficina Medell\u00edn<\/span>\r\n\t\t\t\t\t\t\t\t<\/div>\r\n\t\t\t\t\t\t\t<\/div>\r\n                                                            <i class=\"fas fa-quote-right\"><\/i>\r\n                            \t\t\t\t\t\t<\/div>\r\n\t\t\t\t\t<\/div>\t\t\t\t\t\t\t\r\n\t\t\t\t<\/div>\r\n                    <\/div>\r\n            <script>\r\n            (function ($) {\r\n                \"use strict\";\r\n                $(document).ready(function () {\r\n                    var autoplayOption = \"yes\";\r\n                    var enableAutoplay = (autoplayOption === 'yes');                    \r\n                    var swiper = new Swiper(\".flexitype-sliders-304\", {\r\n                        loop: true,                        \r\n                        spaceBetween: null,\r\n                        speed: null,\r\n                        autoplay: enableAutoplay ? {\r\n                            delay: null,\r\n                            reverseDirection: false,\r\n                            disableOnInteraction: false,\r\n                        } : false,\r\n                        navigation: {\r\n                            nextEl: '.swiper-button-next-',\r\n                            prevEl: '.swiper-button-prev-',\r\n                        },\r\n                        pagination: {\r\n                            el: \".flexitype_slide_dots-\",\r\n                            clickable: true,\r\n                        },\r\n                        breakpoints: {\r\n                            0: {\r\n                                slidesPerView: null,\r\n                            },\r\n                            768: {\r\n                                slidesPerView: null,\r\n                            },\r\n                            1025: {\r\n                                slidesPerView: null,\r\n                            },\r\n                            1600: {\r\n                                slidesPerView: null,\r\n                            },\r\n                        },\r\n                        centeredSlides: null,\r\n                    });\r\n                });\r\n            })(jQuery);\r\n        <\/script>\r\n        \t\t\t\t<\/div>\n\t\t\t\t<\/div>\n\t\t\t\t\t<\/div>\n\t\t<\/div>\n\t\t\t\t\t<\/div>\n\t\t<\/section>\n\t\t\t\t<section class=\"elementor-section elementor-top-section elementor-element elementor-element-079cb8c elementor-hidden-desktop elementor-hidden-tablet elementor-hidden-mobile elementor-section-boxed elementor-section-height-default elementor-section-height-default\" data-id=\"079cb8c\" data-element_type=\"section\" data-e-type=\"section\" data-settings=\"{&quot;background_background&quot;:&quot;classic&quot;}\">\n\t\t\t\t\t\t<div class=\"elementor-container elementor-column-gap-default\">\n\t\t\t\t\t<div class=\"elementor-column elementor-col-50 elementor-top-column elementor-element elementor-element-e1fd541\" data-id=\"e1fd541\" data-element_type=\"column\" data-e-type=\"column\">\n\t\t\t<div class=\"elementor-widget-wrap elementor-element-populated\">\n\t\t\t\t\t\t<div class=\"elementor-element elementor-element-43e2414 elementor-widget__width-auto elementor-icon-list--layout-traditional elementor-list-item-link-full_width elementor-widget elementor-widget-icon-list\" data-id=\"43e2414\" data-element_type=\"widget\" data-e-type=\"widget\" data-widget_type=\"icon-list.default\">\n\t\t\t\t<div class=\"elementor-widget-container\">\n\t\t\t\t\t\t\t<ul class=\"elementor-icon-list-items\">\n\t\t\t\t\t\t\t<li class=\"elementor-icon-list-item\">\n\t\t\t\t\t\t\t\t\t\t\t<span class=\"elementor-icon-list-icon\">\n\t\t\t\t\t\t\t<svg aria-hidden=\"true\" class=\"e-font-icon-svg e-fas-circle\" viewBox=\"0 0 512 512\" xmlns=\"http:\/\/www.w3.org\/2000\/svg\"><path d=\"M256 8C119 8 8 119 8 256s111 248 248 248 248-111 248-248S393 8 256 8z\"><\/path><\/svg>\t\t\t\t\t\t<\/span>\n\t\t\t\t\t\t\t\t\t\t<span class=\"elementor-icon-list-text\">Real Client Stories<\/span>\n\t\t\t\t\t\t\t\t\t<\/li>\n\t\t\t\t\t\t<\/ul>\n\t\t\t\t\t\t<\/div>\n\t\t\t\t<\/div>\n\t\t\t\t<div class=\"elementor-element elementor-element-85465e4 elementor-widget elementor-widget-heading\" data-id=\"85465e4\" data-element_type=\"widget\" data-e-type=\"widget\" data-widget_type=\"heading.default\">\n\t\t\t\t<div class=\"elementor-widget-container\">\n\t\t\t\t\t<h2 class=\"elementor-heading-title elementor-size-default\">Customer Experiences<\/h2>\t\t\t\t<\/div>\n\t\t\t\t<\/div>\n\t\t\t\t\t<\/div>\n\t\t<\/div>\n\t\t\t\t<div class=\"elementor-column elementor-col-50 elementor-top-column elementor-element elementor-element-8be32e9\" data-id=\"8be32e9\" data-element_type=\"column\" data-e-type=\"column\">\n\t\t\t<div class=\"elementor-widget-wrap elementor-element-populated\">\n\t\t\t\t\t\t<div class=\"elementor-element elementor-element-cf79b38 elementor-widget elementor-widget-flexitype-arrow\" data-id=\"cf79b38\" data-element_type=\"widget\" data-e-type=\"widget\" data-widget_type=\"flexitype-arrow.default\">\n\t\t\t\t<div class=\"elementor-widget-container\">\n\t\t\t\t\t                    <div class=\"flexitype_slider-arrow\">\r\n                <div class=\"flexitype_slider-arrow-prev swiper-button-prev-customer\">\r\n                    <i class=\"fas fa-chevron-left\"><\/i>\r\n                <\/div>\r\n                <div class=\"flexitype_slider-arrow-next swiper-button-next-customer\">\r\n                    <i class=\"fas fa-chevron-right\"><\/i>\r\n                <\/div>\r\n            <\/div>\r\n                        \t\t\t\t<\/div>\n\t\t\t\t<\/div>\n\t\t\t\t\t<\/div>\n\t\t<\/div>\n\t\t\t\t\t<\/div>\n\t\t<\/section>\n\t\t\t\t<section class=\"elementor-section elementor-top-section elementor-element elementor-element-7847a40 elementor-section-boxed elementor-section-height-default elementor-section-height-default\" data-id=\"7847a40\" data-element_type=\"section\" data-e-type=\"section\" data-settings=\"{&quot;background_background&quot;:&quot;classic&quot;}\">\n\t\t\t\t\t\t<div class=\"elementor-container elementor-column-gap-default\">\n\t\t\t\t\t<div class=\"elementor-column elementor-col-100 elementor-top-column elementor-element elementor-element-fc060f6\" data-id=\"fc060f6\" data-element_type=\"column\" data-e-type=\"column\">\n\t\t\t<div class=\"elementor-widget-wrap elementor-element-populated\">\n\t\t\t\t\t\t<div class=\"elementor-element elementor-element-bcdbe14 slider-tablet-slide_box_yes elementor-hidden-desktop elementor-hidden-tablet elementor-hidden-mobile slider-slide_box_yes elementor-widget elementor-widget-flexitype-testimonials\" data-id=\"bcdbe14\" data-element_type=\"widget\" data-e-type=\"widget\" data-widget_type=\"flexitype-testimonials.default\">\n\t\t\t\t<div class=\"elementor-widget-container\">\n\t\t\t\t\t            <div class=\"flexitype_slider\">\r\n            <div class=\"swiper flexitype-sliders-968 slide_box\">\r\n                <div class=\"swiper-wrapper\">\r\n                                            <div class=\"flexitype_testimonial_one-item swiper-slide\">\r\n                            <div class=\"flexitype_testimonial_one-item-client\">\r\n                                                                    <div class=\"flexitype_testimonial_one-item-icon\">\t\t\t\t\r\n                                        <i class=\"fas fa-quote-right\"><\/i>\r\n                                    <\/div>\r\n                                                                                                    <div class=\"flexitype_testimonial_one-item-client-image\">\r\n                                        <img decoding=\"async\" src=\"https:\/\/cosion.nextwpcook.com\/wp-content\/uploads\/2024\/08\/team-3.jpg\" alt=\"avatar\">\r\n                                    <\/div>\r\n                                                                <div class=\"flexitype_testimonial_one-item-client-title\">\r\n                                    <h6>Samantha Brooks<\/h6>\r\n                                    <span>CEO, Tech Innovators<\/span>\r\n                                <\/div>\r\n                            <\/div>\r\n                            <p>This business theme is a game-changer! It\u2019s modern, responsive, and offers all the features we need. Our clients noticed improvement.<\/p>\r\n                                                            <div class=\"flexitype_testimonial_one-item-reviews\">\r\n                                    <i class=\"flaticon flaticon-star\"><\/i>\r\n                                    <i class=\"flaticon flaticon-star\"><\/i>\r\n                                    <i class=\"flaticon flaticon-star\"><\/i>\r\n                                    <i class=\"flaticon flaticon-star\"><\/i>\r\n                                    <i class=\"flaticon flaticon-star\"><\/i>\r\n                                <\/div>\r\n                                                    <\/div>\r\n                                            <div class=\"flexitype_testimonial_one-item swiper-slide\">\r\n                            <div class=\"flexitype_testimonial_one-item-client\">\r\n                                                                    <div class=\"flexitype_testimonial_one-item-icon\">\t\t\t\t\r\n                                        <i class=\"fas fa-quote-right\"><\/i>\r\n                                    <\/div>\r\n                                                                                                    <div class=\"flexitype_testimonial_one-item-client-image\">\r\n                                        <img decoding=\"async\" src=\"https:\/\/cosion.nextwpcook.com\/wp-content\/uploads\/2024\/05\/avatar-1.jpg\" alt=\"avatar\">\r\n                                    <\/div>\r\n                                                                <div class=\"flexitype_testimonial_one-item-client-title\">\r\n                                    <h6>Michael Adams<\/h6>\r\n                                    <span>Operations Manager<\/span>\r\n                                <\/div>\r\n                            <\/div>\r\n                            <p>The theme is excellent for our business needs. It is intuitive, easy to navigate, and adapts well across different devices. <\/p>\r\n                                                            <div class=\"flexitype_testimonial_one-item-reviews\">\r\n                                    <i class=\"flaticon flaticon-star\"><\/i>\r\n                                    <i class=\"flaticon flaticon-star\"><\/i>\r\n                                    <i class=\"flaticon flaticon-star\"><\/i>\r\n                                    <i class=\"flaticon flaticon-star\"><\/i>\r\n                                    <i class=\"flaticon flaticon-star\"><\/i>\r\n                                <\/div>\r\n                                                    <\/div>\r\n                                            <div class=\"flexitype_testimonial_one-item swiper-slide\">\r\n                            <div class=\"flexitype_testimonial_one-item-client\">\r\n                                                                    <div class=\"flexitype_testimonial_one-item-icon\">\t\t\t\t\r\n                                        <i class=\"fas fa-quote-right\"><\/i>\r\n                                    <\/div>\r\n                                                                                                    <div class=\"flexitype_testimonial_one-item-client-image\">\r\n                                        <img decoding=\"async\" src=\"https:\/\/cosion.nextwpcook.com\/wp-content\/uploads\/2024\/05\/avatar-2.jpg\" alt=\"avatar\">\r\n                                    <\/div>\r\n                                                                <div class=\"flexitype_testimonial_one-item-client-title\">\r\n                                    <h6>Rachel Green<\/h6>\r\n                                    <span>Head of Design<\/span>\r\n                                <\/div>\r\n                            <\/div>\r\n                            <p>The theme\u2019s design is sleek and professional. Customizing it to match our brand\u2019s aesthetic was seamless web traffic has increased.<\/p>\r\n                                                            <div class=\"flexitype_testimonial_one-item-reviews\">\r\n                                    <i class=\"flaticon flaticon-star\"><\/i>\r\n                                    <i class=\"flaticon flaticon-star\"><\/i>\r\n                                    <i class=\"flaticon flaticon-star\"><\/i>\r\n                                    <i class=\"flaticon flaticon-star\"><\/i>\r\n                                    <i class=\"flaticon flaticon-star\"><\/i>\r\n                                <\/div>\r\n                                                    <\/div>\r\n                                            <div class=\"flexitype_testimonial_one-item swiper-slide\">\r\n                            <div class=\"flexitype_testimonial_one-item-client\">\r\n                                                                    <div class=\"flexitype_testimonial_one-item-icon\">\t\t\t\t\r\n                                        <i class=\"fas fa-quote-right\"><\/i>\r\n                                    <\/div>\r\n                                                                                                    <div class=\"flexitype_testimonial_one-item-client-image\">\r\n                                        <img decoding=\"async\" src=\"https:\/\/cosion.nextwpcook.com\/wp-content\/uploads\/2024\/08\/team-4-1.jpg\" alt=\"avatar\">\r\n                                    <\/div>\r\n                                                                <div class=\"flexitype_testimonial_one-item-client-title\">\r\n                                    <h6>Emily Watson<\/h6>\r\n                                    <span>Chief Marketing <\/span>\r\n                                <\/div>\r\n                            <\/div>\r\n                            <p>This theme is fantastic for business looking to upgrade their web presence. It\u2019s professional, responsive, and feature-rich.<\/p>\r\n                                                            <div class=\"flexitype_testimonial_one-item-reviews\">\r\n                                    <i class=\"flaticon flaticon-star\"><\/i>\r\n                                    <i class=\"flaticon flaticon-star\"><\/i>\r\n                                    <i class=\"flaticon flaticon-star\"><\/i>\r\n                                    <i class=\"flaticon flaticon-star\"><\/i>\r\n                                    <i class=\"flaticon flaticon-star\"><\/i>\r\n                                <\/div>\r\n                                                    <\/div>\r\n                                    <\/div>\r\n            <\/div>\r\n                                <\/div>\r\n            <script>\r\n            (function ($) {\r\n                \"use strict\";\r\n                $(document).ready(function () {\r\n                    var autoplayOption = \"yes\";\r\n                    var enableAutoplay = (autoplayOption === 'yes');                    \r\n                    var swiper = new Swiper(\".flexitype-sliders-968\", {\r\n                        loop: true,                        \r\n                        spaceBetween: 30,\r\n                        speed: 1200,\r\n                        autoplay: enableAutoplay ? {\r\n                            delay: 4000,\r\n                            reverseDirection: false,\r\n                            disableOnInteraction: false,\r\n                        } : false,\r\n                        navigation: {\r\n                            nextEl: '.swiper-button-next-customer',\r\n                            prevEl: '.swiper-button-prev-customer',\r\n                        },\r\n                        pagination: {\r\n                            el: \".flexitype_slide_dots-customer\",\r\n                            clickable: true,\r\n                        },\r\n                        breakpoints: {\r\n                            0: {\r\n                                slidesPerView: 1,\r\n                            },\r\n                            768: {\r\n                                slidesPerView: 1,\r\n                            },\r\n                            1025: {\r\n                                slidesPerView: 3,\r\n                            },\r\n                            1600: {\r\n                                slidesPerView: 3,\r\n                            },\r\n                        },\r\n                        centeredSlides: \"\",\r\n                    });\r\n                });\r\n            })(jQuery);\r\n        <\/script>\r\n        \t\t\t\t<\/div>\n\t\t\t\t<\/div>\n\t\t\t\t\t<\/div>\n\t\t<\/div>\n\t\t\t\t\t<\/div>\n\t\t<\/section>\n\t\t\t\t<\/div>\n\t\t","protected":false},"excerpt":{"rendered":"<p>\u201cHe visto crecer al sindicato y puedo decir con orgullo que nunca nos ha fallado. Sintrabancol ha defendido cada derecho conquistado, y gracias a eso hoy tengo estabilidad laboral, beneficios en salud y educaci\u00f3n para mis hijos. Afiliarse a Sintrabancol es una decisi\u00f3n inteligente.\u201d \u2014 \u00d3scar P\u00e9rez Bogot\u00e1 \u201cApenas entr\u00e9 al banco, me hablaron de [&hellip;]<\/p>\n","protected":false},"author":1,"featured_media":0,"parent":0,"menu_order":0,"comment_status":"closed","ping_status":"closed","template":"page-builder.php","meta":{"pagelayer_contact_templates":[],"_pagelayer_content":"","footnotes":""},"class_list":["post-2858","page","type-page","status-publish","hentry"],"_links":{"self":[{"href":"https:\/\/sintrabancol.org\/2024\/wp-json\/wp\/v2\/pages\/2858","targetHints":{"allow":["GET"]}}],"collection":[{"href":"https:\/\/sintrabancol.org\/2024\/wp-json\/wp\/v2\/pages"}],"about":[{"href":"https:\/\/sintrabancol.org\/2024\/wp-json\/wp\/v2\/types\/page"}],"author":[{"embeddable":true,"href":"https:\/\/sintrabancol.org\/2024\/wp-json\/wp\/v2\/users\/1"}],"replies":[{"embeddable":true,"href":"https:\/\/sintrabancol.org\/2024\/wp-json\/wp\/v2\/comments?post=2858"}],"version-history":[{"count":13,"href":"https:\/\/sintrabancol.org\/2024\/wp-json\/wp\/v2\/pages\/2858\/revisions"}],"predecessor-version":[{"id":6526,"href":"https:\/\/sintrabancol.org\/2024\/wp-json\/wp\/v2\/pages\/2858\/revisions\/6526"}],"wp:attachment":[{"href":"https:\/\/sintrabancol.org\/2024\/wp-json\/wp\/v2\/media?parent=2858"}],"curies":[{"name":"wp","href":"https:\/\/api.w.org\/{rel}","templated":true}]}}